{"id":18,"date":"2016-03-07T14:48:43","date_gmt":"2016-03-07T13:48:43","guid":{"rendered":"http:\/\/www.jansavelsberg.de\/?page_id=18"},"modified":"2016-03-07T14:48:43","modified_gmt":"2016-03-07T13:48:43","slug":"anfragen","status":"publish","type":"page","link":"http:\/\/www.jansavelsberg.de\/index.php\/anfragen\/","title":{"rendered":"Anfragen"},"content":{"rendered":"<p><img loading=\"lazy\" decoding=\"async\" class=\"aligncenter size-full wp-image-19\" src=\"http:\/\/www.jansavelsberg.de\/wp-content\/uploads\/2016\/03\/js_headerstreifen_2.jpg\" alt=\"Anfragen\" width=\"1170\" height=\"200\" srcset=\"http:\/\/www.jansavelsberg.de\/wp-content\/uploads\/2016\/03\/js_headerstreifen_2.jpg 1170w, http:\/\/www.jansavelsberg.de\/wp-content\/uploads\/2016\/03\/js_headerstreifen_2-150x26.jpg 150w, http:\/\/www.jansavelsberg.de\/wp-content\/uploads\/2016\/03\/js_headerstreifen_2-300x51.jpg 300w, http:\/\/www.jansavelsberg.de\/wp-content\/uploads\/2016\/03\/js_headerstreifen_2-1024x175.jpg 1024w\" sizes=\"auto, (max-width: 1170px) 100vw, 1170px\" \/><\/p>\n<p>Sie ben\u00f6tigen einen erfahrenen Moderator? Gerne begleite ich Ihre Veranstaltung auf lockere, humorvolle und zugleich kompetente Art. Egal ob Privatfeier, Firmenevent, Jubil\u00e4um oder Kleinkunstveranstaltung &#8211; in pers\u00f6nlicher Absprache werde ich gerne mit Ihnen den passenden Rahmen gestalten.<\/p>\n<p>Wenn Sie einen kabarettistischen Beitrag oder einen kurzweiligen Auftritt f\u00fcr eine Veranstaltung suchen, dann freue ich mich auch da \u00fcber Ihre Anfrage. Ob als Einzelbeitrag oder als Auftritt mit dem &#8222;Solo f\u00fcr 2&#8220;: gerne erstelle ich Ihnen ein pers\u00f6nliches Angebot.<\/p>\n<p>Sie erreichen mich per Mail unter info@jan-savelsberg.de oder telefonisch unter 0179\/7740750. Ich freue mich auf Ihre Nachricht!<\/p>\n","protected":false},"excerpt":{"rendered":"<p>Sie ben\u00f6tigen einen erfahrenen Moderator? Gerne begleite ich Ihre Veranstaltung auf lockere, humorvolle und zugleich kompetente Art. Egal ob Privatfeier, Firmenevent, Jubil\u00e4um oder Kleinkunstveranstaltung &#8211; in pers\u00f6nlicher Absprache werde ich gerne mit Ihnen den passenden Rahmen gestalten. Wenn Sie einen kabarettistischen Beitrag oder einen kurzweiligen Auftritt f\u00fcr eine Veranstaltung suchen, dann freue ich mich auch [&hellip;]<\/p>\n","protected":false},"author":1,"featured_media":20,"parent":0,"menu_order":0,"comment_status":"closed","ping_status":"closed","template":"","meta":{"footnotes":""},"class_list":["post-18","page","type-page","status-publish","has-post-thumbnail","czr-hentry"],"_links":{"self":[{"href":"http:\/\/www.jansavelsberg.de\/index.php\/wp-json\/wp\/v2\/pages\/18","targetHints":{"allow":["GET"]}}],"collection":[{"href":"http:\/\/www.jansavelsberg.de\/index.php\/wp-json\/wp\/v2\/pages"}],"about":[{"href":"http:\/\/www.jansavelsberg.de\/index.php\/wp-json\/wp\/v2\/types\/page"}],"author":[{"embeddable":true,"href":"http:\/\/www.jansavelsberg.de\/index.php\/wp-json\/wp\/v2\/users\/1"}],"replies":[{"embeddable":true,"href":"http:\/\/www.jansavelsberg.de\/index.php\/wp-json\/wp\/v2\/comments?post=18"}],"version-history":[{"count":1,"href":"http:\/\/www.jansavelsberg.de\/index.php\/wp-json\/wp\/v2\/pages\/18\/revisions"}],"predecessor-version":[{"id":21,"href":"http:\/\/www.jansavelsberg.de\/index.php\/wp-json\/wp\/v2\/pages\/18\/revisions\/21"}],"wp:featuredmedia":[{"embeddable":true,"href":"http:\/\/www.jansavelsberg.de\/index.php\/wp-json\/wp\/v2\/media\/20"}],"wp:attachment":[{"href":"http:\/\/www.jansavelsberg.de\/index.php\/wp-json\/wp\/v2\/media?parent=18"}],"curies":[{"name":"wp","href":"https:\/\/api.w.org\/{rel}","templated":true}]}}